{"id":11,"date":"2014-06-04T14:24:33","date_gmt":"2014-06-04T12:24:33","guid":{"rendered":"http:\/\/www.niederschlesische-theaterstiftung.de\/?page_id=11"},"modified":"2015-05-18T11:41:11","modified_gmt":"2015-05-18T09:41:11","slug":"kriterien-fuer-foerderung","status":"publish","type":"page","link":"https:\/\/www.niederschlesische-theaterstiftung.de\/?page_id=11","title":{"rendered":"Gremien"},"content":{"rendered":"<p><strong><b>Der Vorstand<\/b><\/strong><\/p>\n<p>Vorstandsvorsitzende<br \/>\nElke Weinig<\/p>\n<p>stellv. Vorstandsvorsitzender<br \/>\nChristian Hainke<\/p>\n<p>Vorstandsmitglied<br \/>\nCarsten Liebig<\/p>\n<p><strong><b>Der Stiftungsrat<\/b><\/strong><\/p>\n<p>Stiftungsratsvorsitzender<br \/>\nCarsten Liebig (Bombardier G\u00f6rlitz)<\/p>\n<p>stellv. Stiftungsratsvorsitzender<br \/>\nMichael Schmidt (Siemens AG)<\/p>\n<p>Regina Risy<br \/>\n(Sparkasse Oberlausitz-Niederschlesien)<\/p>\n<p>Ute Andr\u00e4<br \/>\n(Sparkassen-Versicherung Sachsen)<\/p>\n<p>Landrat<br \/>\nBernd Lange<br \/>\n(Landkreis G\u00f6rlitz)<\/p>\n<p>Oberb\u00fcrgermeister<br \/>\nSiegfried Deinege (Stadt G\u00f6rlitz)<\/p>\n<p>Generalintendant<br \/>\nKlaus Arauner<br \/>\n(Gerhart-Hauptmann-Theater G\u00f6rlitz\/ Zittau)<\/p>\n<p>Radoslaw Baranowski<br \/>\n(Stadt Zgorzelec)<\/p>\n<p>Prof. Dr. Dr. Peter Stosiek<\/p>\n","protected":false},"excerpt":{"rendered":"<p>Der Vorstand Vorstandsvorsitzende Elke Weinig stellv. Vorstandsvorsitzender Christian Hainke Vorstandsmitglied Carsten Liebig Der Stiftungsrat Stiftungsratsvorsitzender Carsten Liebig (Bombardier G\u00f6rlitz) stellv. Stiftungsratsvorsitzender Michael Schmidt (Siemens AG) Regina Risy (Sparkasse Oberlausitz-Niederschlesien) Ute Andr\u00e4 (Sparkassen-Versicherung Sachsen) Landrat Bernd Lange (Landkreis G\u00f6rlitz) Oberb\u00fcrgermeister Siegfried &hellip; <a class=\"more-link\" href=\"https:\/\/www.niederschlesische-theaterstiftung.de\/?page_id=11\">Weiterlesen <span class=\"meta-nav\">&rarr;<\/span><\/a><\/p>\n","protected":false},"author":1,"featured_media":0,"parent":0,"menu_order":0,"comment_status":"closed","ping_status":"open","template":"","meta":{"footnotes":""},"class_list":["post-11","page","type-page","status-publish","hentry"],"_links":{"self":[{"href":"https:\/\/www.niederschlesische-theaterstiftung.de\/index.php?rest_route=\/wp\/v2\/pages\/11","targetHints":{"allow":["GET"]}}],"collection":[{"href":"https:\/\/www.niederschlesische-theaterstiftung.de\/index.php?rest_route=\/wp\/v2\/pages"}],"about":[{"href":"https:\/\/www.niederschlesische-theaterstiftung.de\/index.php?rest_route=\/wp\/v2\/types\/page"}],"author":[{"embeddable":true,"href":"https:\/\/www.niederschlesische-theaterstiftung.de\/index.php?rest_route=\/wp\/v2\/users\/1"}],"replies":[{"embeddable":true,"href":"https:\/\/www.niederschlesische-theaterstiftung.de\/index.php?rest_route=%2Fwp%2Fv2%2Fcomments&post=11"}],"version-history":[{"count":3,"href":"https:\/\/www.niederschlesische-theaterstiftung.de\/index.php?rest_route=\/wp\/v2\/pages\/11\/revisions"}],"predecessor-version":[{"id":97,"href":"https:\/\/www.niederschlesische-theaterstiftung.de\/index.php?rest_route=\/wp\/v2\/pages\/11\/revisions\/97"}],"wp:attachment":[{"href":"https:\/\/www.niederschlesische-theaterstiftung.de\/index.php?rest_route=%2Fwp%2Fv2%2Fmedia&parent=11"}],"curies":[{"name":"wp","href":"https:\/\/api.w.org\/{rel}","templated":true}]}}