{"id":13,"date":"2014-06-04T14:24:59","date_gmt":"2014-06-04T12:24:59","guid":{"rendered":"http:\/\/www.niederschlesische-theaterstiftung.de\/?page_id=13"},"modified":"2015-05-27T12:41:34","modified_gmt":"2015-05-27T10:41:34","slug":"spenden-mitgliedschaft","status":"publish","type":"page","link":"https:\/\/www.niederschlesische-theaterstiftung.de\/?page_id=13","title":{"rendered":"Spenden \/ Mitgliedschaft"},"content":{"rendered":"<h1>Jede Spende oder Zustiftung hilft!<\/h1>\n<p>Bei der Theater-Stiftung ist jede Art der Unterst\u00fctzung willkommen, egal ob regelm\u00e4\u00dfige Spenden oder eine einmalige Zuwendung.<\/p>\n<p>Auch eine Zustiftung zum Stiftungsverm\u00f6gen ist ohne Probleme m\u00f6glich. Daf\u00fcr erhalten Sie ebenfalls eine Spendenbest\u00e4tigung.<\/p>\n<p>Bankverbindung der Theater-Stiftung<\/p>\n<p>f\u00fcr Spenden bei der Sparkasse Oberlausitz-Niederschlesien<\/p>\n<table align=\"left\">\n<tbody>\n<tr>\n<td>BIC<\/td>\n<td>WELADED1GRL<\/td>\n<\/tr>\n<tr>\n<td>IBAN<\/td>\n<td>DE12850501000008002100<\/td>\n<\/tr>\n<\/tbody>\n<\/table>\n<p>&nbsp;<\/p>\n<p>&nbsp;<\/p>\n<p>Jeder Spender erh\u00e4lt umgehend eine Spendenbest\u00e4tigung zugesandt.<\/p>\n<p>Bitte teilen Sie uns deshalb stets Ihren Name und die Anschrift mit.<\/p>\n<p><strong>Mitmachen lohnt sich!<\/strong><\/p>\n<p>Mindestens zweimal im Jahr l\u00e4dt die Stiftung ihre Mitglieder und F\u00f6rderer zu besonderen Veranstaltungen ein.<\/p>\n<p>So besuchen sie zum Beispiel gemeinsam Generalproben oder Premierenveranstaltungen,<br \/>\nerhalten Hintergrundinformation zu Auftragswerken oder haben interessante Begegnungen und<br \/>\nGespr\u00e4che mit K\u00fcnstlern und Verantwortlichen des Theaters.<\/p>\n","protected":false},"excerpt":{"rendered":"<p>Jede Spende oder Zustiftung hilft! Bei der Theater-Stiftung ist jede Art der Unterst\u00fctzung willkommen, egal ob regelm\u00e4\u00dfige Spenden oder eine einmalige Zuwendung. Auch eine Zustiftung zum Stiftungsverm\u00f6gen ist ohne Probleme m\u00f6glich. Daf\u00fcr erhalten Sie ebenfalls eine Spendenbest\u00e4tigung. Bankverbindung der Theater-Stiftung &hellip; <a class=\"more-link\" href=\"https:\/\/www.niederschlesische-theaterstiftung.de\/?page_id=13\">Weiterlesen <span class=\"meta-nav\">&rarr;<\/span><\/a><\/p>\n","protected":false},"author":1,"featured_media":0,"parent":0,"menu_order":0,"comment_status":"closed","ping_status":"open","template":"","meta":{"footnotes":""},"class_list":["post-13","page","type-page","status-publish","hentry"],"_links":{"self":[{"href":"https:\/\/www.niederschlesische-theaterstiftung.de\/index.php?rest_route=\/wp\/v2\/pages\/13","targetHints":{"allow":["GET"]}}],"collection":[{"href":"https:\/\/www.niederschlesische-theaterstiftung.de\/index.php?rest_route=\/wp\/v2\/pages"}],"about":[{"href":"https:\/\/www.niederschlesische-theaterstiftung.de\/index.php?rest_route=\/wp\/v2\/types\/page"}],"author":[{"embeddable":true,"href":"https:\/\/www.niederschlesische-theaterstiftung.de\/index.php?rest_route=\/wp\/v2\/users\/1"}],"replies":[{"embeddable":true,"href":"https:\/\/www.niederschlesische-theaterstiftung.de\/index.php?rest_route=%2Fwp%2Fv2%2Fcomments&post=13"}],"version-history":[{"count":8,"href":"https:\/\/www.niederschlesische-theaterstiftung.de\/index.php?rest_route=\/wp\/v2\/pages\/13\/revisions"}],"predecessor-version":[{"id":112,"href":"https:\/\/www.niederschlesische-theaterstiftung.de\/index.php?rest_route=\/wp\/v2\/pages\/13\/revisions\/112"}],"wp:attachment":[{"href":"https:\/\/www.niederschlesische-theaterstiftung.de\/index.php?rest_route=%2Fwp%2Fv2%2Fmedia&parent=13"}],"curies":[{"name":"wp","href":"https:\/\/api.w.org\/{rel}","templated":true}]}}