{"id":21,"date":"2014-06-04T14:26:15","date_gmt":"2014-06-04T12:26:15","guid":{"rendered":"http:\/\/www.niederschlesische-theaterstiftung.de\/?page_id=21"},"modified":"2015-05-27T12:43:41","modified_gmt":"2015-05-27T10:43:41","slug":"kontakt","status":"publish","type":"page","link":"https:\/\/www.niederschlesische-theaterstiftung.de\/?page_id=21","title":{"rendered":"Kontakt"},"content":{"rendered":"<p>Kontaktaufnahme \u00fcber:<\/p>\n<p><strong>Postanschrift<\/strong><\/p>\n<p>Niederschlesische Theater-Stiftung<br \/>\nim Haus der Sparkasse Oberlausitz-Niederschlesien<br \/>\nBerliner Stra\u00dfe 64<br \/>\n02826 G\u00f6rlitz<\/p>\n<p><strong>E-Mail an<\/strong><\/p>\n<p>info[at]niederschlesische-theaterstiftung.de<\/p>\n","protected":false},"excerpt":{"rendered":"<p>Kontaktaufnahme \u00fcber: Postanschrift Niederschlesische Theater-Stiftung im Haus der Sparkasse Oberlausitz-Niederschlesien Berliner Stra\u00dfe 64 02826 G\u00f6rlitz E-Mail an info[at]niederschlesische-theaterstiftung.de &hellip; <a class=\"more-link\" href=\"https:\/\/www.niederschlesische-theaterstiftung.de\/?page_id=21\">Weiterlesen <span class=\"meta-nav\">&rarr;<\/span><\/a><\/p>\n","protected":false},"author":1,"featured_media":0,"parent":0,"menu_order":0,"comment_status":"closed","ping_status":"open","template":"","meta":{"footnotes":""},"class_list":["post-21","page","type-page","status-publish","hentry"],"_links":{"self":[{"href":"https:\/\/www.niederschlesische-theaterstiftung.de\/index.php?rest_route=\/wp\/v2\/pages\/21","targetHints":{"allow":["GET"]}}],"collection":[{"href":"https:\/\/www.niederschlesische-theaterstiftung.de\/index.php?rest_route=\/wp\/v2\/pages"}],"about":[{"href":"https:\/\/www.niederschlesische-theaterstiftung.de\/index.php?rest_route=\/wp\/v2\/types\/page"}],"author":[{"embeddable":true,"href":"https:\/\/www.niederschlesische-theaterstiftung.de\/index.php?rest_route=\/wp\/v2\/users\/1"}],"replies":[{"embeddable":true,"href":"https:\/\/www.niederschlesische-theaterstiftung.de\/index.php?rest_route=%2Fwp%2Fv2%2Fcomments&post=21"}],"version-history":[{"count":3,"href":"https:\/\/www.niederschlesische-theaterstiftung.de\/index.php?rest_route=\/wp\/v2\/pages\/21\/revisions"}],"predecessor-version":[{"id":114,"href":"https:\/\/www.niederschlesische-theaterstiftung.de\/index.php?rest_route=\/wp\/v2\/pages\/21\/revisions\/114"}],"wp:attachment":[{"href":"https:\/\/www.niederschlesische-theaterstiftung.de\/index.php?rest_route=%2Fwp%2Fv2%2Fmedia&parent=21"}],"curies":[{"name":"wp","href":"https:\/\/api.w.org\/{rel}","templated":true}]}}