{"id":39,"date":"2014-07-02T17:32:56","date_gmt":"2014-07-02T15:32:56","guid":{"rendered":"http:\/\/www.niederschlesische-theaterstiftung.de\/?page_id=39"},"modified":"2015-05-27T12:35:37","modified_gmt":"2015-05-27T10:35:37","slug":"ueber-uns","status":"publish","type":"page","link":"https:\/\/www.niederschlesische-theaterstiftung.de\/","title":{"rendered":"\u00dcber Uns"},"content":{"rendered":"<p><strong>Ihr Engagement ist gefragt \u2013 Mitmachen lohnt sich!<\/strong><\/p>\n<p>\u00dcber 10 Jahren gibt es bereits die Niederschlesische Theater-Stiftung mit Sitz in G\u00f6rlitz. Im Jahr 2004 gr\u00fcndeten die Niederschlesische Sparkasse (jetzt Sparkasse Oberlausitz-Niederschlesien), die Sparkassen-Versicherung Sachsen, die Bombardier Transportation, Werk G\u00f6rlitz und die Siemens AG PG Industrial Applications, Turbinenwerk G\u00f6rlitz diese  gemeinn\u00fctzige Stiftung.<\/p>\n<p>Sie hat sich zur Aufgabe gestellt, Projekte des Theaters zu unterst\u00fctzen, die \u00fcber den regul\u00e4ren Spielbetrieb hinausgehen. Dabei bildet die Kinder- und Jugendarbeit einen besonderen Schwerpunkt der Arbeit der Stiftung. Bisher konnte die Stiftung dem Theater fast 180.000 EUR f\u00fcr besondere Projekte zur Verf\u00fcgung stellen. Auch das Stiftungsverm\u00f6gen hat seit Gr\u00fcndung verdoppelt.<\/p>\n<p>In j\u00fcngster Vergangenheit geh\u00f6rten zu den gef\u00f6rderten Projekten die Kinderkonzertreihe \u201eHexenritt und Drachent\u00f6ne\u201c, die Auftragskomposition \u201eTod eines Bankers\u201c,  die Jugendtheaterproduktion \u201eHilfe, die Herdmanns kommen\u201c und die Inszenierung \u201eDer Tod und das M\u00e4dchen\u201c.<\/p>\n<p>Das Engagement der Theater-Stiftung ist also sehr konkret. Die Stiftung finanziert sich \u00fcberwiegend aus Spendeneinnahmen.<\/p>\n<p>Beteiligen Sie sich an unserer Stiftung, helfen Sie mit und sorgen Sie gemeinsam mit den Stiftern daf\u00fcr, dass ein Zeichen gesetzt wird, um kulturelle Glanzpunkte in unserer Region auf Dauer zu erhalten und zu f\u00f6rdern. In Zeiten gro\u00dfer finanzieller Engp\u00e4sse, insbesondere der kommunalen Tr\u00e4ger, werden solche Aktivit\u00e4ten wichtiger denn je.<\/p>\n","protected":false},"excerpt":{"rendered":"<p>Ihr Engagement ist gefragt \u2013 Mitmachen lohnt sich! \u00dcber 10 Jahren gibt es bereits die Niederschlesische Theater-Stiftung mit Sitz in G\u00f6rlitz. Im Jahr 2004 gr\u00fcndeten die Niederschlesische Sparkasse (jetzt Sparkasse Oberlausitz-Niederschlesien), die Sparkassen-Versicherung Sachsen, die Bombardier Transportation, Werk G\u00f6rlitz und &hellip; <a class=\"more-link\" href=\"https:\/\/www.niederschlesische-theaterstiftung.de\/\">Weiterlesen <span class=\"meta-nav\">&rarr;<\/span><\/a><\/p>\n","protected":false},"author":1,"featured_media":0,"parent":0,"menu_order":0,"comment_status":"closed","ping_status":"open","template":"","meta":{"footnotes":""},"class_list":["post-39","page","type-page","status-publish","hentry"],"_links":{"self":[{"href":"https:\/\/www.niederschlesische-theaterstiftung.de\/index.php?rest_route=\/wp\/v2\/pages\/39","targetHints":{"allow":["GET"]}}],"collection":[{"href":"https:\/\/www.niederschlesische-theaterstiftung.de\/index.php?rest_route=\/wp\/v2\/pages"}],"about":[{"href":"https:\/\/www.niederschlesische-theaterstiftung.de\/index.php?rest_route=\/wp\/v2\/types\/page"}],"author":[{"embeddable":true,"href":"https:\/\/www.niederschlesische-theaterstiftung.de\/index.php?rest_route=\/wp\/v2\/users\/1"}],"replies":[{"embeddable":true,"href":"https:\/\/www.niederschlesische-theaterstiftung.de\/index.php?rest_route=%2Fwp%2Fv2%2Fcomments&post=39"}],"version-history":[{"count":3,"href":"https:\/\/www.niederschlesische-theaterstiftung.de\/index.php?rest_route=\/wp\/v2\/pages\/39\/revisions"}],"predecessor-version":[{"id":105,"href":"https:\/\/www.niederschlesische-theaterstiftung.de\/index.php?rest_route=\/wp\/v2\/pages\/39\/revisions\/105"}],"wp:attachment":[{"href":"https:\/\/www.niederschlesische-theaterstiftung.de\/index.php?rest_route=%2Fwp%2Fv2%2Fmedia&parent=39"}],"curies":[{"name":"wp","href":"https:\/\/api.w.org\/{rel}","templated":true}]}}